{"id":18,"date":"2015-07-06T14:42:54","date_gmt":"2015-07-06T14:42:54","guid":{"rendered":"http:\/\/lesgrandscollectionneursduquebec.com\/?page_id=18"},"modified":"2026-01-26T18:39:45","modified_gmt":"2026-01-26T23:39:45","slug":"objets-de-promotions","status":"publish","type":"page","link":"https:\/\/lesgrandscollectionneursduquebec.com\/index.php\/objets-de-promotions\/","title":{"rendered":""},"content":{"rendered":"\n<figure class=\"wp-block-image\"><a href=\"https:\/\/lesgrandscollectionneursduquebec.com\/wp-content\/uploads\/2015\/07\/logo-objet-promotion.jpg\"><img loading=\"lazy\" decoding=\"async\" width=\"1280\" height=\"215\" src=\"https:\/\/lesgrandscollectionneursduquebec.com\/wp-content\/uploads\/2015\/07\/logo-objet-promotion.jpg\" alt=\"logo-objet-promotion\" class=\"wp-image-669\" srcset=\"https:\/\/lesgrandscollectionneursduquebec.com\/wp-content\/uploads\/2015\/07\/logo-objet-promotion.jpg 1280w, https:\/\/lesgrandscollectionneursduquebec.com\/wp-content\/uploads\/2015\/07\/logo-objet-promotion-300x50.jpg 300w, https:\/\/lesgrandscollectionneursduquebec.com\/wp-content\/uploads\/2015\/07\/logo-objet-promotion-1024x172.jpg 1024w\" sizes=\"auto, (max-width: 1280px) 100vw, 1280px\" \/><\/a><\/figure>\n\n\n\n<h1 class=\"wp-block-heading has-text-align-center has-x-large-font-size\"><strong><em>Objets de promotion<\/em><\/strong><\/h1>\n\n\n\n<div class=\"wp-block-group is-content-justification-space-between is-nowrap is-layout-flex wp-container-core-group-is-layout-eaacdc6a wp-block-group-is-layout-flex\">\n<figure class=\"wp-block-table\"><table class=\"has-fixed-layout\"><tbody><tr><td class=\"has-text-align-center\" data-align=\"center\"><a href=\"https:\/\/lesgrandscollectionneursduquebec.com\/wp-content\/uploads\/2015\/07\/DSCN5181.jpg\"><img loading=\"lazy\" decoding=\"async\" width=\"200\" height=\"142\" class=\"wp-image-1611\" style=\"width: 200px;\" src=\"https:\/\/lesgrandscollectionneursduquebec.com\/wp-content\/uploads\/2015\/07\/DSCN5181.jpg\" alt=\"\" srcset=\"https:\/\/lesgrandscollectionneursduquebec.com\/wp-content\/uploads\/2015\/07\/DSCN5181.jpg 3745w, https:\/\/lesgrandscollectionneursduquebec.com\/wp-content\/uploads\/2015\/07\/DSCN5181-300x212.jpg 300w, https:\/\/lesgrandscollectionneursduquebec.com\/wp-content\/uploads\/2015\/07\/DSCN5181-1024x725.jpg 1024w\" sizes=\"auto, (max-width: 200px) 100vw, 200px\" \/><\/a><\/td><\/tr><tr><td class=\"has-text-align-center\" data-align=\"center\"><a href=\"https:\/\/lesgrandscollectionneursduquebec.com\/wp-content\/uploads\/2015\/07\/DSCN3792.jpg\"><img loading=\"lazy\" decoding=\"async\" width=\"200\" height=\"187\" class=\"wp-image-316\" style=\"width: 200px;\" src=\"https:\/\/lesgrandscollectionneursduquebec.com\/wp-content\/uploads\/2015\/07\/DSCN3792.jpg\" alt=\"\" srcset=\"https:\/\/lesgrandscollectionneursduquebec.com\/wp-content\/uploads\/2015\/07\/DSCN3792.jpg 2384w, https:\/\/lesgrandscollectionneursduquebec.com\/wp-content\/uploads\/2015\/07\/DSCN3792-300x281.jpg 300w, https:\/\/lesgrandscollectionneursduquebec.com\/wp-content\/uploads\/2015\/07\/DSCN3792-1024x958.jpg 1024w\" sizes=\"auto, (max-width: 200px) 100vw, 200px\" \/><\/a><\/td><\/tr><tr><td class=\"has-text-align-center\" data-align=\"center\"><a href=\"https:\/\/lesgrandscollectionneursduquebec.com\/wp-content\/uploads\/2015\/07\/DSCN3755.jpg\"><img loading=\"lazy\" decoding=\"async\" width=\"200\" height=\"102\" class=\"wp-image-206\" style=\"width: 200px;\" src=\"https:\/\/lesgrandscollectionneursduquebec.com\/wp-content\/uploads\/2015\/07\/DSCN3755.jpg\" alt=\"\" srcset=\"https:\/\/lesgrandscollectionneursduquebec.com\/wp-content\/uploads\/2015\/07\/DSCN3755.jpg 4044w, https:\/\/lesgrandscollectionneursduquebec.com\/wp-content\/uploads\/2015\/07\/DSCN3755-300x153.jpg 300w, https:\/\/lesgrandscollectionneursduquebec.com\/wp-content\/uploads\/2015\/07\/DSCN3755-1024x521.jpg 1024w\" sizes=\"auto, (max-width: 200px) 100vw, 200px\" \/><\/a><\/td><\/tr><tr><td class=\"has-text-align-center\" data-align=\"center\"><a href=\"https:\/\/lesgrandscollectionneursduquebec.com\/wp-content\/uploads\/2015\/07\/DSCN3769-e1769384810793.jpg\"><img loading=\"lazy\" decoding=\"async\" width=\"125\" height=\"115\" class=\"wp-image-207\" style=\"width: 125px;\" src=\"https:\/\/lesgrandscollectionneursduquebec.com\/wp-content\/uploads\/2015\/07\/DSCN3769-e1769384810793.jpg\" alt=\"\" srcset=\"https:\/\/lesgrandscollectionneursduquebec.com\/wp-content\/uploads\/2015\/07\/DSCN3769-e1769384810793.jpg 523w, https:\/\/lesgrandscollectionneursduquebec.com\/wp-content\/uploads\/2015\/07\/DSCN3769-e1769384810793-300x276.jpg 300w\" sizes=\"auto, (max-width: 125px) 100vw, 125px\" \/><\/a><a href=\"https:\/\/lesgrandscollectionneursduquebec.com\/wp-content\/uploads\/2015\/07\/DSCN3769-e1769384478175.jpg\"><\/a><\/td><\/tr><tr><td class=\"has-text-align-center\" data-align=\"center\"><a href=\"https:\/\/lesgrandscollectionneursduquebec.com\/wp-content\/uploads\/2015\/07\/DSCN3770-e1769385029394.jpg\"><img loading=\"lazy\" decoding=\"async\" width=\"200\" height=\"147\" class=\"wp-image-208\" style=\"width: 200px;\" src=\"https:\/\/lesgrandscollectionneursduquebec.com\/wp-content\/uploads\/2015\/07\/DSCN3770-e1769385029394.jpg\" alt=\"\"><\/a><\/td><\/tr><tr><td class=\"has-text-align-center\" data-align=\"center\"><a href=\"https:\/\/lesgrandscollectionneursduquebec.com\/wp-content\/uploads\/2015\/07\/epinglette-verte-e1769385248252.png\"><img loading=\"lazy\" decoding=\"async\" width=\"125\" height=\"165\" class=\"wp-image-2482\" style=\"width: 125px;\" src=\"https:\/\/lesgrandscollectionneursduquebec.com\/wp-content\/uploads\/2015\/07\/epinglette-verte-e1769385248252.png\" alt=\"\"><\/a><\/td><\/tr><tr><td class=\"has-text-align-center\" data-align=\"center\"><img loading=\"lazy\" decoding=\"async\" width=\"150\" height=\"133\" class=\"wp-image-1612\" style=\"width: 150px;\" src=\"https:\/\/lesgrandscollectionneursduquebec.com\/wp-content\/uploads\/2015\/07\/epinglettes2017-2-e1769468451168.png\" alt=\"\"><\/td><\/tr><\/tbody><\/table><\/figure>\n\n\n\n<figure style=\"font-size:17px;text-transform:none\" class=\"wp-block-table\"><table class=\"has-fixed-layout\"><tbody><tr><td class=\"has-text-align-center\" data-align=\"center\">Premier objet de promotion du club, <a href=\"https:\/\/lesgrandscollectionneursduquebec.com\/wp-content\/uploads\/2015\/07\/DSCN5181.jpg\">le macaron 1983-1<\/a> vendu au prix de 1$ servait de co\u00fbt d\u2019entr\u00e9e au premier salon du collectionneur tenu au Sapin d\u2019Or \u00e0 Beauport (Qu\u00e9bec), les 10 et 11 mars 1984.<\/td><\/tr><tr><td class=\"has-text-align-center\" data-align=\"center\"><a href=\"https:\/\/lesgrandscollectionneursduquebec.com\/wp-content\/uploads\/2015\/07\/DSCN3792.jpg\">L\u2019\u00e9pinglette du 30e anniversaire<\/a> en 2013 a \u00e9t\u00e9 fabriqu\u00e9e \u00e0 110 exemplaires. C\u2019est une raret\u00e9.<\/td><\/tr><tr><td class=\"has-text-align-center\" data-align=\"center\"><a href=\"https:\/\/lesgrandscollectionneursduquebec.com\/wp-content\/uploads\/2015\/07\/DSCN3755.jpg\">Porte-cl\u00e9s<\/a> pour souligner les 20 ans du Club<\/td><\/tr><tr><td class=\"has-text-align-center\" data-align=\"center\"><\/td><\/tr><tr><td class=\"has-text-align-center\" data-align=\"center\"><strong><em>Objets encore disponibles:<\/em><\/strong><\/td><\/tr><tr><td class=\"has-text-align-center\" data-align=\"center\"><\/td><\/tr><tr><td class=\"has-text-align-center\" data-align=\"center\"><br><a href=\"https:\/\/lesgrandscollectionneursduquebec.com\/wp-content\/uploads\/2015\/07\/DSCN3769-e1769384810793.jpg\">Autocollants\u00a0du\u00a025e\u00a0anniversaire<\/a>\u00a0\u2013\u00a02$<br><br><a href=\"https:\/\/lesgrandscollectionneursduquebec.com\/wp-content\/uploads\/2015\/07\/DSCN3770-e1769385029394.jpg\">Plaques\u00a0M.\u00a0Sourire<\/a>\u00a0\u2013\u00a02$<br><br><a href=\"https:\/\/lesgrandscollectionneursduquebec.com\/wp-content\/uploads\/2015\/07\/epinglette-verte.png\">\u00c9pinglette\u00a0du\u00a035<sup>e\u00a0<\/sup>de\u00a0couleur\u00a0verte\u00a0<\/a>\u2013\u00a010 $<br><br>\u00c9pinglettes\u00a0de\u00a0<a href=\"https:\/\/lesgrandscollectionneursduquebec.com\/wp-content\/uploads\/2026\/01\/epinglettes2017.png\">couleur\u00a0bleu<\/a>\u00a0\u2013\u00a05$<br><br>2014 \u2013 Pi\u00e8ces de 2$ <a href=\"https:\/\/lesgrandscollectionneursduquebec.com\/wp-content\/uploads\/2026\/01\/pieces2014.jpg\">couleur argent<\/a>&#8211; 5$<br><br>2015 \u2013 Pi\u00e8ces de 2$ <a href=\"https:\/\/lesgrandscollectionneursduquebec.com\/wp-content\/uploads\/2026\/01\/piece-2015.jpg\">couleur cuivre<\/a> \u2013 5$<br><br>2016\u00a0\u2013Pi\u00e8ces\u00a0de\u00a02$\u00a0<a href=\"https:\/\/lesgrandscollectionneursduquebec.com\/wp-content\/uploads\/2026\/01\/piece-2016.jpg\">couleur\u00a0argent<\/a>\u00a0\u2013\u00a05$<br><br>2017\u00a0\u2013\u00a0Pi\u00e8ces de 2$ <a href=\"https:\/\/lesgrandscollectionneursduquebec.com\/wp-content\/uploads\/2015\/07\/DSCN5180-2-e1490226946945.jpg\">couleur <\/a><a href=\"https:\/\/lesgrandscollectionneursduquebec.com\/wp-content\/uploads\/2026\/01\/piece-2017.jpg\">l<\/a><a href=\"https:\/\/lesgrandscollectionneursduquebec.com\/wp-content\/uploads\/2015\/07\/DSCN5180-2-e1490226946945.jpg\">aiton antique<\/a> \u2013 5$<br>\u2013 <a href=\"https:\/\/lesgrandscollectionneursduquebec.com\/wp-content\/uploads\/2015\/07\/DSCN5180-2-e1490226946945.jpg\">Ensemble or et laiton antique<\/a> \u2013 20$<br><br>2018 \u2013 Pi\u00e8ce de 2$ <a href=\"https:\/\/lesgrandscollectionneursduquebec.com\/wp-content\/uploads\/2026\/01\/piece-2018.jpg\">couleur cuivre<\/a> \u2013 5$<br>\u2013<a href=\"https:\/\/lesgrandscollectionneursduquebec.com\/wp-content\/uploads\/2019\/10\/DSCN6475-e1572308750393.jpg\">Ensemble or et cuivre<\/a> \u2013 20 $<br><br>2019 \u2013 <a href=\"https:\/\/lesgrandscollectionneursduquebec.com\/wp-content\/uploads\/2019\/10\/DSCN6473-e1572308350753.jpg\">Ensemble argent antique et argent<\/a> \u2013 10$<br>\u2013 <a href=\"https:\/\/lesgrandscollectionneursduquebec.com\/wp-content\/uploads\/2019\/10\/DSCN6474.jpg\">Ensemble or, argent et argent antique<\/a> \u2013 25$<br><br>2020 \u2013 Pi\u00e8ce de 2$ <a href=\"https:\/\/lesgrandscollectionneursduquebec.com\/wp-content\/uploads\/2020\/04\/DSCN6552-2-e1586821386420.jpg\">couleur argent<\/a> \u2013 5$<br>\u2013 <a href=\"https:\/\/lesgrandscollectionneursduquebec.com\/wp-content\/uploads\/2020\/04\/DSCN6556-e1586908859900.jpg\">Ensemble or et argent <\/a>\u2013 20$<br><br>2021 \u2013 Pi\u00e8ce de 2$<a href=\"https:\/\/lesgrandscollectionneursduquebec.com\/wp-content\/uploads\/2021\/09\/piece-de-bois-2021-site-internet.jpg\">en bois<\/a> \u2013 5$<br><br>2022 \u2013 pi\u00e8ce de <a href=\"https:\/\/lesgrandscollectionneursduquebec.com\/wp-content\/uploads\/2026\/01\/piece-2022.jpg\">couleur argent<\/a> \u2013 10 $<br>\u2013 <a href=\"https:\/\/lesgrandscollectionneursduquebec.com\/wp-content\/uploads\/2022\/08\/DSCN7438-1.jpg\">Ensemble or et argent <\/a>\u2013 25 $<br><br>2023 -pi\u00e8ces de 2$ en acrylique type m\u00e9tallex.<br>\u2013 <a href=\"https:\/\/lesgrandscollectionneursduquebec.com\/wp-content\/uploads\/2026\/01\/piece-2023-or.jpg\">Or jaune<\/a> \u2013 <a href=\"https:\/\/lesgrandscollectionneursduquebec.com\/wp-content\/uploads\/2026\/01\/piece-2023-rose.jpg\">Or ros\u00e9\/cuivr\u00e9<\/a> \u2013 <a href=\"https:\/\/lesgrandscollectionneursduquebec.com\/wp-content\/uploads\/2026\/01\/piece-2023-argent.jpg\">argent<\/a> \u2013 5$ chacune.<\/td><\/tr><tr><td class=\"has-text-align-center\" data-align=\"center\"><strong>Frais de poste au Canada<\/strong>&nbsp;: &nbsp; &nbsp; &nbsp; &nbsp; &nbsp; &nbsp; &nbsp; &nbsp; &nbsp; &nbsp; &nbsp; &nbsp; &nbsp; &nbsp; &nbsp; &nbsp; &nbsp; &nbsp; &nbsp; &nbsp; &nbsp;<a href=\"http:\/\/lesgrandscollectionneursduquebec.com\/wp-content\/uploads\/2015\/07\/DSCN4226.jpg\"><br><\/a>3.00 $ jusqu\u2019\u00e0 3 items<br>5.00 $ jusqu\u2019\u00e0 6 items<br><strong>Autres pays:<\/strong><br><a href=\"https:\/\/lesgrandscollectionneursduquebec.com\/index.php\/nous-joindre\/\">communiquez avec le club avant de commander<\/a><br><br><strong>POUR COMMANDER:<\/strong><br><strong>Par courrier:<\/strong><br>Ch\u00e8que payable \u00e0&nbsp;<strong>Les Grands Collectionneurs du Qu\u00e9bec inc. C.P. 70021&nbsp; Qu\u00e9bec&nbsp; Qc&nbsp; G2J 0A1<\/strong><br><strong>Par courriel:<\/strong><br><strong><em><a href=\"mailto:pres@lesgrandscollectionneursduquebec.com\" target=\"_blank\" rel=\"noreferrer noopener\">pres@lesgrandscollectionneursduquebec.com<\/a><\/em><\/strong> et le paiement \u00e0 <em><strong>interac.cgcq@gmail.com<\/strong><\/em><\/td><\/tr><\/tbody><\/table><\/figure>\n\n\n\n<figure class=\"wp-block-table\"><table class=\"has-fixed-layout\"><tbody><tr><td class=\"has-text-align-center\" data-align=\"center\"><a href=\"https:\/\/lesgrandscollectionneursduquebec.com\/wp-content\/uploads\/2015\/07\/DSCN3785.jpg\"><img loading=\"lazy\" decoding=\"async\" width=\"200\" height=\"206\" class=\"wp-image-315\" style=\"width: 200px;\" src=\"https:\/\/lesgrandscollectionneursduquebec.com\/wp-content\/uploads\/2015\/07\/DSCN3785.jpg\" alt=\"\" srcset=\"https:\/\/lesgrandscollectionneursduquebec.com\/wp-content\/uploads\/2015\/07\/DSCN3785.jpg 3032w, https:\/\/lesgrandscollectionneursduquebec.com\/wp-content\/uploads\/2015\/07\/DSCN3785-292x300.jpg 292w, https:\/\/lesgrandscollectionneursduquebec.com\/wp-content\/uploads\/2015\/07\/DSCN3785-996x1024.jpg 996w\" sizes=\"auto, (max-width: 200px) 100vw, 200px\" \/><\/a><\/td><\/tr><tr><td class=\"has-text-align-center\" data-align=\"center\"><a href=\"https:\/\/lesgrandscollectionneursduquebec.com\/wp-content\/uploads\/2015\/07\/pieces20141.jpg\"><img loading=\"lazy\" decoding=\"async\" width=\"200\" height=\"99\" class=\"wp-image-1654\" style=\"width: 200px;\" src=\"https:\/\/lesgrandscollectionneursduquebec.com\/wp-content\/uploads\/2015\/07\/pieces20141.jpg\" alt=\"\" srcset=\"https:\/\/lesgrandscollectionneursduquebec.com\/wp-content\/uploads\/2015\/07\/pieces20141.jpg 473w, https:\/\/lesgrandscollectionneursduquebec.com\/wp-content\/uploads\/2015\/07\/pieces20141-300x149.jpg 300w\" sizes=\"auto, (max-width: 200px) 100vw, 200px\" \/><\/a><\/td><\/tr><tr><td class=\"has-text-align-center\" data-align=\"center\"><a href=\"https:\/\/lesgrandscollectionneursduquebec.com\/wp-content\/uploads\/2015\/07\/DSCN3784-e1459295716575.jpg\"><img loading=\"lazy\" decoding=\"async\" width=\"200\" height=\"103\" class=\"wp-image-314\" style=\"width: 200px;\" src=\"https:\/\/lesgrandscollectionneursduquebec.com\/wp-content\/uploads\/2015\/07\/DSCN3784-e1459295716575.jpg\" alt=\"\"><\/a><\/td><\/tr><tr><td class=\"has-text-align-center\" data-align=\"center\"><a href=\"https:\/\/lesgrandscollectionneursduquebec.com\/wp-content\/uploads\/2015\/07\/DSCN4226-e1490226464302.jpg\"><img loading=\"lazy\" decoding=\"async\" width=\"200\" height=\"97\" class=\"wp-image-1326\" style=\"width: 200px;\" src=\"https:\/\/lesgrandscollectionneursduquebec.com\/wp-content\/uploads\/2015\/07\/DSCN4226-e1490226464302.jpg\" alt=\"\"><\/a><\/td><\/tr><tr><td class=\"has-text-align-center\" data-align=\"center\"><a href=\"https:\/\/lesgrandscollectionneursduquebec.com\/wp-content\/uploads\/2015\/07\/DSCN5180-2-e1490226946945.jpg\"><img loading=\"lazy\" decoding=\"async\" width=\"200\" height=\"101\" class=\"wp-image-1616\" style=\"width: 200px;\" src=\"https:\/\/lesgrandscollectionneursduquebec.com\/wp-content\/uploads\/2015\/07\/DSCN5180-2-e1490226946945.jpg\" alt=\"\"><\/a><\/td><\/tr><tr><td class=\"has-text-align-center\" data-align=\"center\"><a href=\"https:\/\/lesgrandscollectionneursduquebec.com\/wp-content\/uploads\/2019\/10\/DSCN6475-e1572308750393.jpg\"><img loading=\"lazy\" decoding=\"async\" width=\"200\" height=\"102\" class=\"wp-image-2763\" style=\"width: 200px;\" src=\"https:\/\/lesgrandscollectionneursduquebec.com\/wp-content\/uploads\/2019\/10\/DSCN6475-e1572308750393.jpg\" alt=\"\"><\/a><\/td><\/tr><tr><td class=\"has-text-align-center\" data-align=\"center\"><a href=\"https:\/\/lesgrandscollectionneursduquebec.com\/wp-content\/uploads\/2019\/10\/DSCN6474.jpg\"><img loading=\"lazy\" decoding=\"async\" width=\"300\" height=\"103\" class=\"wp-image-2765\" style=\"width: 300px;\" src=\"https:\/\/lesgrandscollectionneursduquebec.com\/wp-content\/uploads\/2019\/10\/DSCN6474.jpg\" alt=\"\" srcset=\"https:\/\/lesgrandscollectionneursduquebec.com\/wp-content\/uploads\/2019\/10\/DSCN6474.jpg 2346w, https:\/\/lesgrandscollectionneursduquebec.com\/wp-content\/uploads\/2019\/10\/DSCN6474-300x103.jpg 300w, https:\/\/lesgrandscollectionneursduquebec.com\/wp-content\/uploads\/2019\/10\/DSCN6474-768x264.jpg 768w, https:\/\/lesgrandscollectionneursduquebec.com\/wp-content\/uploads\/2019\/10\/DSCN6474-1024x352.jpg 1024w\" sizes=\"auto, (max-width: 300px) 100vw, 300px\" \/><\/a><\/td><\/tr><tr><td class=\"has-text-align-center\" data-align=\"center\"><img loading=\"lazy\" decoding=\"async\" width=\"200\" height=\"101\" class=\"wp-image-2966\" style=\"width: 200px;\" src=\"https:\/\/lesgrandscollectionneursduquebec.com\/wp-content\/uploads\/2020\/04\/DSCN6556-e1586908859900.jpg\" alt=\"\"><\/td><\/tr><tr><td class=\"has-text-align-center\" data-align=\"center\"><a href=\"https:\/\/lesgrandscollectionneursduquebec.com\/wp-content\/uploads\/2021\/09\/piece-de-bois-2021-site-internet.jpg\"><img loading=\"lazy\" decoding=\"async\" width=\"100\" height=\"99\" class=\"wp-image-3118\" style=\"width: 100px;\" src=\"https:\/\/lesgrandscollectionneursduquebec.com\/wp-content\/uploads\/2021\/09\/piece-de-bois-2021-site-internet.jpg\" alt=\"\" srcset=\"https:\/\/lesgrandscollectionneursduquebec.com\/wp-content\/uploads\/2021\/09\/piece-de-bois-2021-site-internet.jpg 303w, https:\/\/lesgrandscollectionneursduquebec.com\/wp-content\/uploads\/2021\/09\/piece-de-bois-2021-site-internet-300x298.jpg 300w, https:\/\/lesgrandscollectionneursduquebec.com\/wp-content\/uploads\/2021\/09\/piece-de-bois-2021-site-internet-150x150.jpg 150w\" sizes=\"auto, (max-width: 100px) 100vw, 100px\" \/><\/a><\/td><\/tr><tr><td class=\"has-text-align-center\" data-align=\"center\"><a href=\"https:\/\/lesgrandscollectionneursduquebec.com\/wp-content\/uploads\/2022\/08\/DSCN7438-1.jpg\"><img loading=\"lazy\" decoding=\"async\" width=\"200\" height=\"97\" class=\"wp-image-3268\" style=\"width: 200px;\" src=\"https:\/\/lesgrandscollectionneursduquebec.com\/wp-content\/uploads\/2022\/08\/DSCN7438-e1659653308951.jpg\" alt=\"\" srcset=\"https:\/\/lesgrandscollectionneursduquebec.com\/wp-content\/uploads\/2022\/08\/DSCN7438-e1659653308951.jpg 1000w, https:\/\/lesgrandscollectionneursduquebec.com\/wp-content\/uploads\/2022\/08\/DSCN7438-e1659653308951-300x145.jpg 300w, https:\/\/lesgrandscollectionneursduquebec.com\/wp-content\/uploads\/2022\/08\/DSCN7438-e1659653308951-768x372.jpg 768w\" sizes=\"auto, (max-width: 200px) 100vw, 200px\" \/><\/a><\/td><\/tr><tr><td class=\"has-text-align-center\" data-align=\"center\"><a href=\"https:\/\/lesgrandscollectionneursduquebec.com\/wp-content\/uploads\/2023\/07\/image004-small-e1769385645731.jpg\"><img loading=\"lazy\" decoding=\"async\" width=\"100\" height=\"102\" class=\"wp-image-3478\" style=\"width: 100px;\" src=\"https:\/\/lesgrandscollectionneursduquebec.com\/wp-content\/uploads\/2023\/07\/image004-small-e1769385645731.jpg\" alt=\"\" srcset=\"https:\/\/lesgrandscollectionneursduquebec.com\/wp-content\/uploads\/2023\/07\/image004-small-e1769385645731.jpg 639w, https:\/\/lesgrandscollectionneursduquebec.com\/wp-content\/uploads\/2023\/07\/image004-small-e1769385645731-295x300.jpg 295w\" sizes=\"auto, (max-width: 100px) 100vw, 100px\" \/><\/a><\/td><\/tr><tr><td class=\"has-text-align-center\" data-align=\"center\"><a href=\"https:\/\/lesgrandscollectionneursduquebec.com\/wp-content\/uploads\/2023\/07\/image002-small.jpg\"><img loading=\"lazy\" decoding=\"async\" width=\"300\" height=\"99\" class=\"wp-image-3477\" style=\"width: 300px;\" src=\"https:\/\/lesgrandscollectionneursduquebec.com\/wp-content\/uploads\/2023\/07\/image002-small.jpg\" alt=\"\" srcset=\"https:\/\/lesgrandscollectionneursduquebec.com\/wp-content\/uploads\/2023\/07\/image002-small.jpg 1270w, https:\/\/lesgrandscollectionneursduquebec.com\/wp-content\/uploads\/2023\/07\/image002-small-300x99.jpg 300w, https:\/\/lesgrandscollectionneursduquebec.com\/wp-content\/uploads\/2023\/07\/image002-small-1024x338.jpg 1024w, https:\/\/lesgrandscollectionneursduquebec.com\/wp-content\/uploads\/2023\/07\/image002-small-768x253.jpg 768w\" sizes=\"auto, (max-width: 300px) 100vw, 300px\" \/><\/a><\/td><\/tr><\/tbody><\/table><\/figure>\n<\/div>\n<div class=\"fcbkbttn_buttons_block\" id=\"fcbkbttn_left\"><div class=\"fcbkbttn_button\">\n\t\t\t\t\t<a href=\"https:\/\/www.facebook.com\/Les-Grands-Collectionneurs-Du-Quebec-Inc-941070729238884\/\" target=\"_blank\">\n\t\t\t\t\t\t<img decoding=\"async\" src=\"https:\/\/lesgrandscollectionneursduquebec.com\/wp-content\/plugins\/facebook-button-plugin\/images\/standard-facebook-ico.png\" alt=\"Fb-Button\" \/>\n\t\t\t\t\t<\/a>\n\t\t\t\t<\/div><\/div>","protected":false},"excerpt":{"rendered":"<p>Objets de promotion Premier objet de promotion du club, le macaron 1983-1 vendu au prix de 1$ servait de co\u00fbt d\u2019entr\u00e9e au premier salon du collectionneur tenu au Sapin d\u2019Or \u00e0 Beauport (Qu\u00e9bec), les 10 et 11 mars 1984. L\u2019\u00e9pinglette du 30e anniversaire en 2013 a \u00e9t\u00e9 fabriqu\u00e9e \u00e0 110 exemplaires. C\u2019est une raret\u00e9. Porte-cl\u00e9s &hellip; <a href=\"https:\/\/lesgrandscollectionneursduquebec.com\/index.php\/objets-de-promotions\/\" class=\"more-link\">Continuer la lecture de <span class=\"screen-reader-text\"><\/span> <span class=\"meta-nav\">&rarr;<\/span><\/a><\/p>\n","protected":false},"author":1,"featured_media":0,"parent":0,"menu_order":0,"comment_status":"closed","ping_status":"open","template":"","meta":{"ngg_post_thumbnail":0,"footnotes":""},"class_list":["post-18","page","type-page","status-publish","hentry"],"_links":{"self":[{"href":"https:\/\/lesgrandscollectionneursduquebec.com\/index.php\/wp-json\/wp\/v2\/pages\/18","targetHints":{"allow":["GET"]}}],"collection":[{"href":"https:\/\/lesgrandscollectionneursduquebec.com\/index.php\/wp-json\/wp\/v2\/pages"}],"about":[{"href":"https:\/\/lesgrandscollectionneursduquebec.com\/index.php\/wp-json\/wp\/v2\/types\/page"}],"author":[{"embeddable":true,"href":"https:\/\/lesgrandscollectionneursduquebec.com\/index.php\/wp-json\/wp\/v2\/users\/1"}],"replies":[{"embeddable":true,"href":"https:\/\/lesgrandscollectionneursduquebec.com\/index.php\/wp-json\/wp\/v2\/comments?post=18"}],"version-history":[{"count":467,"href":"https:\/\/lesgrandscollectionneursduquebec.com\/index.php\/wp-json\/wp\/v2\/pages\/18\/revisions"}],"predecessor-version":[{"id":4131,"href":"https:\/\/lesgrandscollectionneursduquebec.com\/index.php\/wp-json\/wp\/v2\/pages\/18\/revisions\/4131"}],"wp:attachment":[{"href":"https:\/\/lesgrandscollectionneursduquebec.com\/index.php\/wp-json\/wp\/v2\/media?parent=18"}],"curies":[{"name":"wp","href":"https:\/\/api.w.org\/{rel}","templated":true}]}}