{"id":341,"date":"2015-07-15T13:35:23","date_gmt":"2015-07-15T13:35:23","guid":{"rendered":"http:\/\/lesgrandscollectionneursduquebec.com\/?page_id=341"},"modified":"2026-01-26T20:28:42","modified_gmt":"2026-01-27T01:28:42","slug":"341-2","status":"publish","type":"page","link":"https:\/\/lesgrandscollectionneursduquebec.com\/index.php\/341-2\/","title":{"rendered":""},"content":{"rendered":"\n<figure class=\"wp-block-image\"><a href=\"http:\/\/lesgrandscollectionneursduquebec.com\/wp-content\/uploads\/2015\/07\/logo-devenir-membre.jpg\"><img loading=\"lazy\" decoding=\"async\" width=\"1280\" height=\"215\" src=\"http:\/\/lesgrandscollectionneursduquebec.com\/wp-content\/uploads\/2015\/07\/logo-devenir-membre.jpg\" alt=\"logo-devenir-membre\" class=\"wp-image-850\" srcset=\"https:\/\/lesgrandscollectionneursduquebec.com\/wp-content\/uploads\/2015\/07\/logo-devenir-membre.jpg 1280w, https:\/\/lesgrandscollectionneursduquebec.com\/wp-content\/uploads\/2015\/07\/logo-devenir-membre-300x50.jpg 300w, https:\/\/lesgrandscollectionneursduquebec.com\/wp-content\/uploads\/2015\/07\/logo-devenir-membre-1024x172.jpg 1024w\" sizes=\"auto, (max-width: 1280px) 100vw, 1280px\" \/><\/a><\/figure>\n\n\n\n<h1 class=\"wp-block-heading has-text-align-center\" style=\"font-style:italic;font-weight:1000;letter-spacing:1px\">Devenir membre<\/h1>\n\n\n\n<p class=\"has-text-align-center has-medium-font-size\"><span style=\"font-family: arial, helvetica, sans-serif; font-size: 14pt;\"><strong><em>La cotisation annuelle du 1<sup>er<\/sup>&nbsp;janvier au 31 d\u00e9cembre<\/em><\/strong><\/span><\/p>\n\n\n\n<p class=\"has-text-align-center has-medium-font-size\"><span style=\"font-size: 12pt; font-family: arial, helvetica, sans-serif;\"><em><strong>15 $ avec le Petit Journal \u2013 version courrier \u00e9lectronique<\/strong><\/em><\/span><\/p>\n\n\n\n<p class=\"has-text-align-center has-medium-font-size\"><span style=\"font-size: 12pt; font-family: arial, helvetica, sans-serif;\"><em><strong>25 $ avec le Petit Journal \u2013 version papier<\/strong><\/em><\/span><\/p>\n\n\n\n<p class=\"has-text-align-center\"><span style=\"font-family: arial, helvetica, sans-serif; font-size: 12pt; color: #000000;\">Vous recevrez une \u00e9pinglette du club, le bottin des membres et 4 \u00ab Petit Journal \u00bb pour l\u2019ann\u00e9e en cours, soit : mars\u2014juin\u2014septembre\u2014d\u00e9cembre.<\/span><\/p>\n\n\n\n<p class=\"has-text-align-center\"><span style=\"font-family: arial, helvetica, sans-serif; font-size: 12pt; color: #000000;\">Vous aurez le privil\u00e8ge de participer \u00e0 nos activit\u00e9s : expositions, salons, \u00e9crire des articles et passer des annonces dans le Petit Journal, assister \u00e0 notre assembl\u00e9e g\u00e9n\u00e9rale des membres, dire vos opinions et vos commentaires, \u00eatre en contact avec d\u2019autres collectionneurs aussi passionn\u00e9s que vous.<\/span><\/p>\n\n\n\n<p class=\"has-text-align-center\"><span style=\"font-family: arial, helvetica, sans-serif; font-size: 12pt; color: #000000;\">Simplement, imprimer ou copier le formulaire d\u2019adh\u00e9sion, le remplir enti\u00e8rement et le retourner accompagn\u00e9 de votre paiement.<\/span><\/p>\n\n\n\n<p class=\"has-text-align-center\"><span style=\"color: #3366ff;\"><a style=\"color: #3366ff;\" href=\"https:\/\/lesgrandscollectionneursduquebec.com\/wp-content\/uploads\/2024\/07\/formulaire-adhesion-renouvellement-2024-2.pdf\" target=\"_blank\" rel=\"noopener noreferrer\">Cliquer ici pour t\u00e9l\u00e9charger et imprimer le formulaire d&rsquo;adh\u00e9sion<\/a><\/span><\/p>\n\n\n\n<p style=\"font-size:16px;font-style:italic;font-weight:500\"><strong>Politique de confidentialit\u00e9<\/strong>:<\/p>\n\n\n\n<p class=\"has-text-align-left\" style=\"font-size:16px;font-style:italic;font-weight:500\"><strong>Toutes les informations et coordonn\u00e9es vous concernant sont conserv\u00e9es par la responsable des adh\u00e9sions pour le bon fonctionnement du club \u00e0 l&rsquo;interne seulement et ne seront divulgu\u00e9es en aucun cas \u00e0 des tiers sans votre consentement explicite.<\/strong><\/p>\n\n\n\n<p class=\"has-text-align-left\" style=\"font-size:16px;font-style:italic;font-weight:500\"><strong>En cas de litige s\u00e9rieux vous pouvez porter plainte au responsable de l&rsquo;acc\u00e8s aux documents qui est le pr\u00e9sident en poste.<\/strong><\/p>\n\n\n\n<p class=\"has-text-align-center\"><span style=\"color: #3366ff;\"><a style=\"color: #3366ff;\" href=\"https:\/\/lesgrandscollectionneursduquebec.com\/wp-content\/uploads\/2024\/07\/Reglements-generaux-2023.pdf\" target=\"_blank\" rel=\"noopener noreferrer\">Cliquer ici pour t\u00e9l\u00e9charger et imprimer les r\u00e8glements g\u00e9n\u00e9raux du club<\/a><\/span><\/p>\n<div class=\"fcbkbttn_buttons_block\" id=\"fcbkbttn_left\"><div class=\"fcbkbttn_button\">\n\t\t\t\t\t<a href=\"https:\/\/www.facebook.com\/Les-Grands-Collectionneurs-Du-Quebec-Inc-941070729238884\/\" target=\"_blank\">\n\t\t\t\t\t\t<img decoding=\"async\" src=\"https:\/\/lesgrandscollectionneursduquebec.com\/wp-content\/plugins\/facebook-button-plugin\/images\/standard-facebook-ico.png\" alt=\"Fb-Button\" \/>\n\t\t\t\t\t<\/a>\n\t\t\t\t<\/div><\/div>","protected":false},"excerpt":{"rendered":"<p>Devenir membre La cotisation annuelle du 1er&nbsp;janvier au 31 d\u00e9cembre 15 $ avec le Petit Journal \u2013 version courrier \u00e9lectronique 25 $ avec le Petit Journal \u2013 version papier Vous recevrez une \u00e9pinglette du club, le bottin des membres et 4 \u00ab Petit Journal \u00bb pour l\u2019ann\u00e9e en cours, soit : mars\u2014juin\u2014septembre\u2014d\u00e9cembre. Vous aurez le &hellip; <a href=\"https:\/\/lesgrandscollectionneursduquebec.com\/index.php\/341-2\/\" class=\"more-link\">Continuer la lecture de <span class=\"screen-reader-text\"><\/span> <span class=\"meta-nav\">&rarr;<\/span><\/a><\/p>\n","protected":false},"author":1,"featured_media":0,"parent":0,"menu_order":0,"comment_status":"closed","ping_status":"open","template":"","meta":{"ngg_post_thumbnail":0,"footnotes":""},"class_list":["post-341","page","type-page","status-publish","hentry"],"_links":{"self":[{"href":"https:\/\/lesgrandscollectionneursduquebec.com\/index.php\/wp-json\/wp\/v2\/pages\/341","targetHints":{"allow":["GET"]}}],"collection":[{"href":"https:\/\/lesgrandscollectionneursduquebec.com\/index.php\/wp-json\/wp\/v2\/pages"}],"about":[{"href":"https:\/\/lesgrandscollectionneursduquebec.com\/index.php\/wp-json\/wp\/v2\/types\/page"}],"author":[{"embeddable":true,"href":"https:\/\/lesgrandscollectionneursduquebec.com\/index.php\/wp-json\/wp\/v2\/users\/1"}],"replies":[{"embeddable":true,"href":"https:\/\/lesgrandscollectionneursduquebec.com\/index.php\/wp-json\/wp\/v2\/comments?post=341"}],"version-history":[{"count":38,"href":"https:\/\/lesgrandscollectionneursduquebec.com\/index.php\/wp-json\/wp\/v2\/pages\/341\/revisions"}],"predecessor-version":[{"id":4161,"href":"https:\/\/lesgrandscollectionneursduquebec.com\/index.php\/wp-json\/wp\/v2\/pages\/341\/revisions\/4161"}],"wp:attachment":[{"href":"https:\/\/lesgrandscollectionneursduquebec.com\/index.php\/wp-json\/wp\/v2\/media?parent=341"}],"curies":[{"name":"wp","href":"https:\/\/api.w.org\/{rel}","templated":true}]}}