{"id":4,"date":"2015-07-06T14:35:41","date_gmt":"2015-07-06T14:35:41","guid":{"rendered":"http:\/\/lesgrandscollectionneursduquebec.com\/?page_id=4"},"modified":"2026-01-26T20:01:18","modified_gmt":"2026-01-27T01:01:18","slug":"accueil","status":"publish","type":"page","link":"https:\/\/lesgrandscollectionneursduquebec.com\/","title":{"rendered":""},"content":{"rendered":"\n<figure class=\"wp-block-image\"><a href=\"http:\/\/lesgrandscollectionneursduquebec.com\/wp-content\/uploads\/2015\/07\/cropped-logo.jpg\"><img loading=\"lazy\" decoding=\"async\" width=\"1280\" height=\"215\" src=\"http:\/\/lesgrandscollectionneursduquebec.com\/wp-content\/uploads\/2015\/07\/cropped-logo.jpg\" alt=\"cropped-logo.jpg\" class=\"wp-image-149\" srcset=\"https:\/\/lesgrandscollectionneursduquebec.com\/wp-content\/uploads\/2015\/07\/cropped-logo.jpg 1280w, https:\/\/lesgrandscollectionneursduquebec.com\/wp-content\/uploads\/2015\/07\/cropped-logo-300x50.jpg 300w, https:\/\/lesgrandscollectionneursduquebec.com\/wp-content\/uploads\/2015\/07\/cropped-logo-1024x172.jpg 1024w\" sizes=\"auto, (max-width: 1280px) 100vw, 1280px\" \/><\/a><\/figure>\n\n\n\n<h1 class=\"wp-block-heading has-text-align-center\" style=\"font-style:italic;font-weight:800;letter-spacing:3px\">Bienvenue<\/h1>\n\n\n\n<blockquote class=\"wp-block-quote has-text-align-center is-layout-flow wp-block-quote-is-layout-flow\">\n<p class=\"has-text-align-center\" style=\"font-size:26px;font-style:italic;font-weight:800\">Au club \u00ab\u00a0Les Grands Collectionneurs du Qu\u00e9bec inc.\u00a0\u00bb organisme \u00e0 but non lucratif.<\/p>\n<\/blockquote>\n\n\n\n<p class=\"has-text-align-center\"><span style=\"font-family: arial, helvetica, sans-serif; font-size: 12pt; color: #000000;\">Deux hommes avec de grandes id\u00e9es se sont associ\u00e9s pour mettre sur pied un regroupement de personnes de tous \u00e2ges, venant de partout dans la province (et m\u00eame d\u2019ailleurs), qui partageaient un passe-temps commun, c\u2019est-\u00e0-dire collectionner des objets. Tous genres de collections faisaient parties de leur objectif.<\/span><\/p>\n\n\n\n<p class=\"has-text-align-center\"><span style=\"font-family: arial, helvetica, sans-serif; font-size: 12pt; color: #000000;\">Au fil des ans, le club a particip\u00e9 &nbsp;\u00e0 diff\u00e9rentes activit\u00e9s \u00e0 travers ses exposants, tel que le Salon de Mai de Giffard, la F\u00eate de la Famille \u00e0 St-\u00c9mile et plusieurs autres, sans oublier notre Salon annuel en septembre et la journ\u00e9e achat-vente \u00e9change du mois de mars. \u00c9galement, plusieurs objets promotionnels ont \u00e9t\u00e9 fabriqu\u00e9s avec le logo du club.<\/span><\/p>\n\n\n\n<p class=\"has-text-align-center\"><span style=\"font-family: arial, helvetica, sans-serif; font-size: 12pt; color: #000000;\">Le bottin et un petit journal trimestriel gardent le lien entre les membres, provenant de plus de 40 villes de la province, des gens passionn\u00e9s et des centaines de collections diff\u00e9rentes.<\/span><\/p>\n\n\n\n<p class=\"has-text-align-center\"><span style=\"font-family: arial, helvetica, sans-serif; font-size: 12pt; color: #000000;\">En 2013, le club a f\u00eat\u00e9 son 30e anniversaire avec l\u2019\u00e9mission d\u2019un premier 2$ valide en tout temps au club. Par la suite, \u00e0 chaque salon annuel, un autre 2$ a \u00e9t\u00e9 \u00e9mis pour souligner le th\u00e8me de l\u2019exposant invit\u00e9. Cette initiative c&rsquo;est poursuivi&nbsp; jusqu&rsquo;au 40e anniversaire f\u00eat\u00e9 en 2023. Un nouveau 2$ sera \u00e9mis pour souligner le 45e anniversaire en 2028.<\/span><\/p>\n\n\n\n<p class=\"has-text-align-center\"><span style=\"font-family: arial, helvetica, sans-serif; font-size: 12pt; color: #000000;\">Vous collectionnez ou vous accumulez des choses qui vous int\u00e9ressent et qui vous passionnent, que vous en ayez tr\u00e8s peu ou une quantit\u00e9 impressionnante, le CGCQ est une occasion pour vous de partager vos \u00e9motions et votre bonheur. Venez nous rencontrer ou faites-nous une petite visite sur Facebook.<\/span><\/p>\n\n\n\n<blockquote class=\"wp-block-quote is-layout-flow wp-block-quote-is-layout-flow\">\n<p class=\"has-text-align-center\"><strong>Les membres du conseil d&rsquo;administration<\/strong>.<\/p>\n<\/blockquote>\n<div class=\"fcbkbttn_buttons_block\" id=\"fcbkbttn_left\"><div class=\"fcbkbttn_button\">\n\t\t\t\t\t<a href=\"https:\/\/www.facebook.com\/Les-Grands-Collectionneurs-Du-Quebec-Inc-941070729238884\/\" target=\"_blank\">\n\t\t\t\t\t\t<img decoding=\"async\" src=\"https:\/\/lesgrandscollectionneursduquebec.com\/wp-content\/plugins\/facebook-button-plugin\/images\/standard-facebook-ico.png\" alt=\"Fb-Button\" \/>\n\t\t\t\t\t<\/a>\n\t\t\t\t<\/div><\/div>","protected":false},"excerpt":{"rendered":"<p>Bienvenue Au club \u00ab\u00a0Les Grands Collectionneurs du Qu\u00e9bec inc.\u00a0\u00bb organisme \u00e0 but non lucratif. Deux hommes avec de grandes id\u00e9es se sont associ\u00e9s pour mettre sur pied un regroupement de personnes de tous \u00e2ges, venant de partout dans la province (et m\u00eame d\u2019ailleurs), qui partageaient un passe-temps commun, c\u2019est-\u00e0-dire collectionner des objets. Tous genres de &hellip; <a href=\"https:\/\/lesgrandscollectionneursduquebec.com\/\" class=\"more-link\">Continuer la lecture de <span class=\"screen-reader-text\"><\/span> <span class=\"meta-nav\">&rarr;<\/span><\/a><\/p>\n","protected":false},"author":1,"featured_media":0,"parent":0,"menu_order":0,"comment_status":"closed","ping_status":"open","template":"","meta":{"ngg_post_thumbnail":0,"footnotes":""},"class_list":["post-4","page","type-page","status-publish","hentry"],"_links":{"self":[{"href":"https:\/\/lesgrandscollectionneursduquebec.com\/index.php\/wp-json\/wp\/v2\/pages\/4","targetHints":{"allow":["GET"]}}],"collection":[{"href":"https:\/\/lesgrandscollectionneursduquebec.com\/index.php\/wp-json\/wp\/v2\/pages"}],"about":[{"href":"https:\/\/lesgrandscollectionneursduquebec.com\/index.php\/wp-json\/wp\/v2\/types\/page"}],"author":[{"embeddable":true,"href":"https:\/\/lesgrandscollectionneursduquebec.com\/index.php\/wp-json\/wp\/v2\/users\/1"}],"replies":[{"embeddable":true,"href":"https:\/\/lesgrandscollectionneursduquebec.com\/index.php\/wp-json\/wp\/v2\/comments?post=4"}],"version-history":[{"count":44,"href":"https:\/\/lesgrandscollectionneursduquebec.com\/index.php\/wp-json\/wp\/v2\/pages\/4\/revisions"}],"predecessor-version":[{"id":4152,"href":"https:\/\/lesgrandscollectionneursduquebec.com\/index.php\/wp-json\/wp\/v2\/pages\/4\/revisions\/4152"}],"wp:attachment":[{"href":"https:\/\/lesgrandscollectionneursduquebec.com\/index.php\/wp-json\/wp\/v2\/media?parent=4"}],"curies":[{"name":"wp","href":"https:\/\/api.w.org\/{rel}","templated":true}]}}