{"id":8,"date":"2015-07-06T14:39:15","date_gmt":"2015-07-06T14:39:15","guid":{"rendered":"http:\/\/lesgrandscollectionneursduquebec.com\/?page_id=8"},"modified":"2026-01-26T19:41:07","modified_gmt":"2026-01-27T00:41:07","slug":"nous-joindre","status":"publish","type":"page","link":"https:\/\/lesgrandscollectionneursduquebec.com\/index.php\/nous-joindre\/","title":{"rendered":""},"content":{"rendered":"\n<figure class=\"wp-block-image\"><a href=\"http:\/\/lesgrandscollectionneursduquebec.com\/wp-content\/uploads\/2015\/07\/logo-nous-joindre.jpg\"><img decoding=\"async\" src=\"http:\/\/lesgrandscollectionneursduquebec.com\/wp-content\/uploads\/2015\/07\/logo-nous-joindre.jpg\" alt=\"logo-nous-joindre\"\/><\/a><\/figure>\n\n\n\n<h1 class=\"wp-block-heading has-text-align-center\">Les Grands Collectionneurs du Qu\u00e9bec inc.<\/h1>\n\n\n\n<blockquote class=\"wp-block-quote is-layout-flow wp-block-quote-is-layout-flow\">\n<p class=\"has-text-align-center has-large-font-size\" style=\"font-style:italic;font-weight:800\">Fond\u00e9 en 1983<\/p>\n<\/blockquote>\n\n\n\n<p class=\"has-text-align-center\"><span style=\"color: #ff0000; font-size: 14pt;\"><strong>Nouvelle adresse : <span style=\"text-decoration: underline;\">C.P. 70021&nbsp; Qu\u00e9bec&nbsp; Qc&nbsp; G2J 0A1<\/span><\/strong><\/span><\/p>\n\n\n\n<h2 class=\"wp-block-heading has-text-align-center\">Conseil d&rsquo;administration<\/h2>\n\n\n\n<p class=\"has-text-align-center\"><span style=\"font-size: 14pt;\"><em><span style=\"color: #000000;\"><strong>Fran\u00e7ois Laperri\u00e8re&nbsp; &#8211; Pr\u00e9sident -Promotion&nbsp; &nbsp; T\u00e9l. 418-849-4130<\/strong><\/span><\/em><\/span><\/p>\n\n\n\n<p class=\"has-text-align-center\"><span style=\"font-size: 14pt;\"><em><span style=\"color: #000000;\"><strong>Et responsable de l\u2019acc\u00e8s aux documents<\/strong><\/span><\/em><\/span><br><span style=\"font-size: 14pt;\"><em><a href=\"mailto:pres@lesgrandscollectionneursduquebec.com\"><span style=\"color: #000000;\">pres@lesgrandscollectionneursduquebec.com<\/span><\/a><\/em><\/span><\/p>\n\n\n\n<p class=\"has-text-align-center\"><span style=\"font-size: 14pt;\"><em><strong>Jean Dessureault &#8211; Vice-pr\u00e9sident-Publicit\u00e9&nbsp; &nbsp;T\u00e9l. 418-922-4236<\/strong><br><span style=\"color: #000000;\"><a style=\"color: #000000;\" href=\"mailto:adm2@lesgrandscollectionneursduquebec.com\" target=\"_blank\" rel=\"noopener noreferrer\">adm2@<wbr>lesgrandscollectionneursduqueb<wbr>ec.com<\/a><\/span><\/em><\/span><\/p>\n\n\n\n<p class=\"has-text-align-center\"><span style=\"font-size: 14pt;\"><em><strong><span style=\"color: #000000;\">Louise Plante&nbsp; &#8211;&nbsp; Secr\u00e9taire<\/span><span style=\"color: #000000;\">&nbsp; T\u00e9l. <\/span><span style=\"color: #000000;\">418-849-4130<\/span><\/strong><\/em><\/span><br><span style=\"font-size: 14pt;\"><em><span style=\"color: #000000;\"><a style=\"color: #000000; outline: 0px;\" href=\"mailto:sec@lesgrandscollectionneursduquebec.com\">sec@lesgrandscollectionneursduquebec.com<\/a><\/span><\/em><\/span><\/p>\n\n\n\n<p class=\"has-text-align-center\"><span style=\"font-size: 14pt;\"><em><strong><span style=\"color: #000000;\">Louis Laperri\u00e8re -Tr\u00e9sorier-Site Web&nbsp; T\u00e9l. 418-261-2902<\/span><\/strong><\/em><\/span><br><span style=\"font-size: 14pt;\"><em><span style=\"color: #000000;\"><a style=\"color: #000000;\" href=\"mailto:tres@lesgrandscollectionneursduquebec.com\">tres@lesgrandscollectionneursduquebec.com<\/a><\/span><\/em><\/span><\/p>\n\n\n\n<p class=\"has-text-align-center\"><span style=\"font-size: 14pt;\"><em><span style=\"color: #000000;\"><strong>Lionel Majot &#8211; Administrateur &#8211; Salons&nbsp; T\u00e9l. 418-803-6405<\/strong><br><\/span><span style=\"color: #000000;\"><a style=\"color: #000000;\" href=\"mailto:adm1@lesgrandscollectionneursduquebec.com\">adm1@lesgrandscollectionneursduquebec.com<\/a><\/span><\/em><\/span><\/p>\n\n\n\n<p class=\"has-text-align-center\"><span style=\"font-size: 14pt;\"><em><strong>Guylaine Gonthier &#8211; Administratrice &#8211; Adh\u00e9sion&nbsp; T\u00e9l. 418-922-4236<\/strong><\/em><\/span><br><span style=\"font-size: 14pt;\"><em><a href=\"mailto:adhesion@lesgrandscollectionneursduquebec.com\" target=\"_blank\" rel=\"noopener\"><span style=\"color: #000000;\">adhesion@lesgrandscollectionn<wbr>eursduquebec.com<\/span><\/a><\/em><\/span><\/p>\n\n\n\n<p class=\"has-text-align-center\"><span style=\"font-size: 14pt;\"><em><strong>St\u00e9phane Boudreault &#8211; Administrateur &#8211; \u00c9dition &amp; r\u00e9daction<\/strong><\/em><\/span><br><span style=\"font-size: 14pt;\"><em><a href=\"mailto:adm3@lesgrandscollectionneursduquebec.com\" target=\"_blank\" rel=\"noopener\"><span style=\"color: #000000;\">adm3@lesgrandscollectionneurs<wbr>duquebec.com<\/span><\/a><\/em><\/span><\/p>\n\n\n\n<p class=\"has-text-align-center\"><span style=\"font-size: 14pt;\"><em><strong>Guylaine Gonthier &#8211; Administratrice &#8211; \u00c9dition T\u00e9l. 418-922-4236<\/strong><\/em><\/span><br><span style=\"font-size: 14pt;\"><em><a href=\"mailto:edition@lesgrandscollectionneursduquebec.com\" target=\"_blank\" rel=\"noopener\"><span style=\"color: #000000;\">edition@lesgrandscollectionn<wbr>eursduquebec.com<\/span><\/a><\/em><\/span><\/p>\n\n\n\n<p class=\"has-text-align-center\"><span style=\"font-size: 14pt;\"><em><span style=\"color: #000000;\"><strong>Sylvie Morin &#8211; Administratrice &#8211; Responsable Facebook&nbsp;<\/strong><br><a href=\"http:\/\/mailto.adm4@lesgrandscollectionneursduquebec.com\"><span style=\"color: #000000;\">adm4@lesgrandscollectionneursduquebec.com<\/span><\/a><\/span><\/em><\/span><\/p>\n\n\n\n<p class=\"has-text-align-center\"><em><strong><span style=\"font-size: 14pt;\"><span style=\"color: #000000;\">\u00a0Andr\u00e9e Labrecque\u00a0<\/span><\/span> &#8211; <span style=\"font-size: 14pt;\"><span style=\"color: #000000;\">Administratrice<\/span><\/span> &#8211;\u00a0 <span style=\"font-size: 14pt;\">Publicit\u00e9\u00a0 418-809-8382<\/span><\/strong><\/em><br>adm5@lesgrandscollectionneursduquebec.com<\/p>\n<div class=\"fcbkbttn_buttons_block\" id=\"fcbkbttn_left\"><div class=\"fcbkbttn_button\">\n\t\t\t\t\t<a href=\"https:\/\/www.facebook.com\/Les-Grands-Collectionneurs-Du-Quebec-Inc-941070729238884\/\" target=\"_blank\">\n\t\t\t\t\t\t<img decoding=\"async\" src=\"https:\/\/lesgrandscollectionneursduquebec.com\/wp-content\/plugins\/facebook-button-plugin\/images\/standard-facebook-ico.png\" alt=\"Fb-Button\" \/>\n\t\t\t\t\t<\/a>\n\t\t\t\t<\/div><\/div>","protected":false},"excerpt":{"rendered":"<p>Les Grands Collectionneurs du Qu\u00e9bec inc. Fond\u00e9 en 1983 Nouvelle adresse : C.P. 70021&nbsp; Qu\u00e9bec&nbsp; Qc&nbsp; G2J 0A1 Conseil d&rsquo;administration Fran\u00e7ois Laperri\u00e8re&nbsp; &#8211; Pr\u00e9sident -Promotion&nbsp; &nbsp; T\u00e9l. 418-849-4130 Et responsable de l\u2019acc\u00e8s aux documentspres@lesgrandscollectionneursduquebec.com Jean Dessureault &#8211; Vice-pr\u00e9sident-Publicit\u00e9&nbsp; &nbsp;T\u00e9l. 418-922-4236adm2@lesgrandscollectionneursduquebec.com Louise Plante&nbsp; &#8211;&nbsp; Secr\u00e9taire&nbsp; T\u00e9l. 418-849-4130sec@lesgrandscollectionneursduquebec.com Louis Laperri\u00e8re -Tr\u00e9sorier-Site Web&nbsp; T\u00e9l. 418-261-2902tres@lesgrandscollectionneursduquebec.com Lionel Majot &#8211; &hellip; <a href=\"https:\/\/lesgrandscollectionneursduquebec.com\/index.php\/nous-joindre\/\" class=\"more-link\">Continuer la lecture de <span class=\"screen-reader-text\"><\/span> <span class=\"meta-nav\">&rarr;<\/span><\/a><\/p>\n","protected":false},"author":1,"featured_media":0,"parent":0,"menu_order":0,"comment_status":"closed","ping_status":"open","template":"","meta":{"ngg_post_thumbnail":0,"footnotes":""},"class_list":["post-8","page","type-page","status-publish","hentry"],"_links":{"self":[{"href":"https:\/\/lesgrandscollectionneursduquebec.com\/index.php\/wp-json\/wp\/v2\/pages\/8","targetHints":{"allow":["GET"]}}],"collection":[{"href":"https:\/\/lesgrandscollectionneursduquebec.com\/index.php\/wp-json\/wp\/v2\/pages"}],"about":[{"href":"https:\/\/lesgrandscollectionneursduquebec.com\/index.php\/wp-json\/wp\/v2\/types\/page"}],"author":[{"embeddable":true,"href":"https:\/\/lesgrandscollectionneursduquebec.com\/index.php\/wp-json\/wp\/v2\/users\/1"}],"replies":[{"embeddable":true,"href":"https:\/\/lesgrandscollectionneursduquebec.com\/index.php\/wp-json\/wp\/v2\/comments?post=8"}],"version-history":[{"count":106,"href":"https:\/\/lesgrandscollectionneursduquebec.com\/index.php\/wp-json\/wp\/v2\/pages\/8\/revisions"}],"predecessor-version":[{"id":4146,"href":"https:\/\/lesgrandscollectionneursduquebec.com\/index.php\/wp-json\/wp\/v2\/pages\/8\/revisions\/4146"}],"wp:attachment":[{"href":"https:\/\/lesgrandscollectionneursduquebec.com\/index.php\/wp-json\/wp\/v2\/media?parent=8"}],"curies":[{"name":"wp","href":"https:\/\/api.w.org\/{rel}","templated":true}]}}